{"id":114,"date":"2025-11-21T14:42:56","date_gmt":"2025-11-21T13:42:56","guid":{"rendered":"https:\/\/mscsl.com\/?page_id=114"},"modified":"2026-02-20T16:06:47","modified_gmt":"2026-02-20T15:06:47","slug":"politica-cookies","status":"publish","type":"page","link":"https:\/\/mscsl.com\/ca\/politica-cookies\/","title":{"rendered":"Pol\u00edtica de Cookies"},"content":{"rendered":"<p>[et_pb_section fb_built=\u00bb1&#8243; admin_label=\u00bbsection\u00bb _builder_version=\u00bb4.16&#8243; global_colors_info=\u00bb{}\u00bb][et_pb_row admin_label=\u00bbrow\u00bb _builder_version=\u00bb4.16&#8243; background_size=\u00bbinitial\u00bb background_position=\u00bbtop_left\u00bb background_repeat=\u00bbrepeat\u00bb global_colors_info=\u00bb{}\u00bb][et_pb_column type=\u00bb4_4&#8243; _builder_version=\u00bb4.16&#8243; custom_padding=\u00bb|||\u00bb global_colors_info=\u00bb{}\u00bb custom_padding__hover=\u00bb|||\u00bb][et_pb_text admin_label=\u00bbText\u00bb _builder_version=\u00bb4.27.5&#8243; background_size=\u00bbinitial\u00bb background_position=\u00bbtop_left\u00bb background_repeat=\u00bbrepeat\u00bb hover_enabled=\u00bb0&#8243; global_colors_info=\u00bb{}\u00bb text_font=\u00bbIBM Plex Sans||||||||\u00bb header_font=\u00bbIBM Plex Sans||||||||\u00bb sticky_enabled=\u00bb0&#8243;]<\/p>\n<div class=\"legal-content\">\n<p class=\"mb-6\">Fecha de \u00faltima actualizaci\u00f3n: 10 de Noviembre de 2025<\/p>\n<p class=\"mb-4\">Este sitio web (mscsl.com) utiliza cookies propias y de terceros para diversas finalidades. A continuaci\u00f3n, le informamos sobre qu\u00e9 son, qu\u00e9 tipo de cookies utilizamos y c\u00f3mo puede gestionarlas.<\/p>\n<p><!-- 3.1 Definici\u00f3n y Tipos --><\/p>\n<h2 class=\"text-xl font-semibold mt-6 mb-2\">3.1. \u00bfQu\u00e9 son las Cookies?<\/h2>\n<p class=\"mb-4 text-sm\">Una cookie es un peque\u00f1o archivo de texto que un sitio web guarda en su navegador cuando usted lo visita. Permite que el sitio web recuerde su visita y, por ejemplo, los datos de acceso o preferencias.<\/p>\n<p><!-- 3.2 Cookies Utilizadas (Modelo gen\u00e9rico de WordPress\/E-commerce) --><\/p>\n<h2 class=\"text-xl font-semibold mt-6 mb-2\">3.2. Cookies Utilizadas en mscsl.com<\/h2>\n<div class=\"space-y-3\">\n<p class=\"font-medium\">Cookies T\u00e9cnicas o Necesarias:<\/p>\n<ul class=\"list-disc pl-8 text-sm\">\n<li>Permiten la navegaci\u00f3n y el uso de las diferentes opciones o servicios (ej. identificar la sesi\u00f3n, acceder a partes de acceso restringido, o gestionar la cesta de la compra en la secci\u00f3n de venta online).<\/li>\n<\/ul>\n<p class=\"font-medium mt-4\">Cookies de An\u00e1lisis (Terceros):<\/p>\n<ul class=\"list-disc pl-8 text-sm\">\n<li>Tratadas por terceros (ej. Google Analytics) para cuantificar el n\u00famero de usuarios y as\u00ed realizar la medici\u00f3n y an\u00e1lisis estad\u00edstico de la utilizaci\u00f3n que hacen los usuarios del servicio ofertado. Esto se hace para mejorar la oferta de productos y servicios que Muntatges Sant Climent S.L. le ofrece.<\/li>\n<\/ul>\n<\/div>\n<p><!-- 3.3 Gesti\u00f3n de Cookies --><\/p>\n<h2 class=\"text-xl font-semibold mt-6 mb-2\">3.3. Configuraci\u00f3n y Revocaci\u00f3n<\/h2>\n<p class=\"mb-4 text-sm\">Puede usted permitir, bloquear o eliminar las cookies instaladas en su equipo mediante la configuraci\u00f3n de las opciones del navegador instalado en su ordenador.<\/p>\n<p class=\"mb-4 text-sm\">El bloqueo o eliminaci\u00f3n de cookies puede afectar a la funcionalidad de algunas secciones de la web.<\/p>\n<ul class=\"list-disc pl-8 text-xs text-gray-600\">\n<li>Para Chrome: <a href=\"https:\/\/support.google.com\/chrome\/answer\/95647?hl=es\" target=\"_blank\" rel=\"noopener\">Gestionar cookies en Chrome<\/a><\/li>\n<li>Para Firefox: <a href=\"https:\/\/support.mozilla.org\/es\/kb\/habilitar-y-deshabilitar-cookies-que-los-sitios-we\" target=\"_blank\" rel=\"noopener\">Gestionar cookies en Firefox<\/a><\/li>\n<li>&#8230; y otros navegadores.<\/li>\n<\/ul>\n<\/div>\n<div style=\"height: 100px;\"><\/div>\n<p>[\/et_pb_text][\/et_pb_column][\/et_pb_row][\/et_pb_section]<\/p>\n","protected":false},"excerpt":{"rendered":"<p>Fecha de \u00faltima actualizaci\u00f3n: 10 de Noviembre de 2025 Este sitio web (mscsl.com) utiliza cookies propias y de terceros para diversas finalidades. A continuaci\u00f3n, le informamos sobre qu\u00e9 son, qu\u00e9 tipo de cookies utilizamos y c\u00f3mo puede gestionarlas. 3.1. \u00bfQu\u00e9 son las Cookies? Una cookie es un peque\u00f1o archivo de texto que un sitio web [&hellip;]<\/p>\n","protected":false},"author":1,"featured_media":0,"parent":0,"menu_order":6,"comment_status":"closed","ping_status":"closed","template":"","meta":{"_et_pb_use_builder":"on","_et_pb_old_content":"<div class=\"legal-content\">\r\n\r\n    \r\n    <p class=\"mb-6\">Fecha de \u00faltima actualizaci\u00f3n: 10 de Noviembre de 2025<\/p>\r\n    <p class=\"mb-4\">Este sitio web (mscsl.com) utiliza cookies propias y de terceros para diversas finalidades. A continuaci\u00f3n, le informamos sobre qu\u00e9 son, qu\u00e9 tipo de cookies utilizamos y c\u00f3mo puede gestionarlas.<\/p>\r\n\r\n    <!-- 3.1 Definici\u00f3n y Tipos -->\r\n    <h2 class=\"text-xl font-semibold mt-6 mb-2\">3.1. \u00bfQu\u00e9 son las Cookies?<\/h2>\r\n    <p class=\"mb-4 text-sm\">Una cookie es un peque\u00f1o archivo de texto que un sitio web guarda en su navegador cuando usted lo visita. Permite que el sitio web recuerde su visita y, por ejemplo, los datos de acceso o preferencias.<\/p>\r\n\r\n    <!-- 3.2 Cookies Utilizadas (Modelo gen\u00e9rico de WordPress\/E-commerce) -->\r\n    <h2 class=\"text-xl font-semibold mt-6 mb-2\">3.2. Cookies Utilizadas en mscsl.com<\/h2>\r\n    <div class=\"space-y-3\">\r\n        <p class=\"font-medium\">Cookies T\u00e9cnicas o Necesarias:<\/p>\r\n        <ul class=\"list-disc pl-8 text-sm\">\r\n            <li>Permiten la navegaci\u00f3n y el uso de las diferentes opciones o servicios (ej. identificar la sesi\u00f3n, acceder a partes de acceso restringido, o gestionar la cesta de la compra en la secci\u00f3n de venta online).<\/li>\r\n        <\/ul>\r\n        <p class=\"font-medium mt-4\">Cookies de An\u00e1lisis (Terceros):<\/p>\r\n        <ul class=\"list-disc pl-8 text-sm\">\r\n            <li>Tratadas por terceros (ej. Google Analytics) para cuantificar el n\u00famero de usuarios y as\u00ed realizar la medici\u00f3n y an\u00e1lisis estad\u00edstico de la utilizaci\u00f3n que hacen los usuarios del servicio ofertado. Esto se hace para mejorar la oferta de productos y servicios que Muntatges Sant Climent S.L. le ofrece.<\/li>\r\n        <\/ul>\r\n    <\/div>\r\n\r\n    <!-- 3.3 Gesti\u00f3n de Cookies -->\r\n    <h2 class=\"text-xl font-semibold mt-6 mb-2\">3.3. Configuraci\u00f3n y Revocaci\u00f3n<\/h2>\r\n    <p class=\"mb-4 text-sm\">Puede usted permitir, bloquear o eliminar las cookies instaladas en su equipo mediante la configuraci\u00f3n de las opciones del navegador instalado en su ordenador.<\/p>\r\n    <p class=\"mb-4 text-sm\">El bloqueo o eliminaci\u00f3n de cookies puede afectar a la funcionalidad de algunas secciones de la web.<\/p>\r\n    <ul class=\"list-disc pl-8 text-xs text-gray-600\">\r\n        <li>Para Chrome: <a href=\"https:\/\/support.google.com\/chrome\/answer\/95647?hl=es\" target=\"_blank\">Gestionar cookies en Chrome<\/a><\/li>\r\n        <li>Para Firefox: <a href=\"https:\/\/support.mozilla.org\/es\/kb\/habilitar-y-deshabilitar-cookies-que-los-sitios-we\" target=\"_blank\">Gestionar cookies en Firefox<\/a><\/li>\r\n        <li>... y otros navegadores.<\/li>\r\n    <\/ul>\r\n\r\n<\/div>\r\n<div style=\"height:100px\"><\/div>","_et_gb_content_width":"","footnotes":""},"class_list":["post-114","page","type-page","status-publish","hentry"],"_links":{"self":[{"href":"https:\/\/mscsl.com\/ca\/wp-json\/wp\/v2\/pages\/114","targetHints":{"allow":["GET"]}}],"collection":[{"href":"https:\/\/mscsl.com\/ca\/wp-json\/wp\/v2\/pages"}],"about":[{"href":"https:\/\/mscsl.com\/ca\/wp-json\/wp\/v2\/types\/page"}],"author":[{"embeddable":true,"href":"https:\/\/mscsl.com\/ca\/wp-json\/wp\/v2\/users\/1"}],"replies":[{"embeddable":true,"href":"https:\/\/mscsl.com\/ca\/wp-json\/wp\/v2\/comments?post=114"}],"version-history":[{"count":7,"href":"https:\/\/mscsl.com\/ca\/wp-json\/wp\/v2\/pages\/114\/revisions"}],"predecessor-version":[{"id":476,"href":"https:\/\/mscsl.com\/ca\/wp-json\/wp\/v2\/pages\/114\/revisions\/476"}],"wp:attachment":[{"href":"https:\/\/mscsl.com\/ca\/wp-json\/wp\/v2\/media?parent=114"}],"curies":[{"name":"wp","href":"https:\/\/api.w.org\/{rel}","templated":true}]}}