{"id":111,"date":"2025-11-21T14:42:29","date_gmt":"2025-11-21T13:42:29","guid":{"rendered":"https:\/\/mscsl.com\/?page_id=111"},"modified":"2026-02-20T16:05:26","modified_gmt":"2026-02-20T15:05:26","slug":"aviso-legal","status":"publish","type":"page","link":"https:\/\/mscsl.com\/ca\/aviso-legal\/","title":{"rendered":"Aviso Legal"},"content":{"rendered":"[et_pb_section fb_built=\u00bb1&#8243; admin_label=\u00bbsection\u00bb _builder_version=\u00bb4.16&#8243; global_colors_info=\u00bb{}\u00bb][et_pb_row admin_label=\u00bbrow\u00bb _builder_version=\u00bb4.16&#8243; background_size=\u00bbinitial\u00bb background_position=\u00bbtop_left\u00bb background_repeat=\u00bbrepeat\u00bb hover_enabled=\u00bb0&#8243; global_colors_info=\u00bb{}\u00bb sticky_enabled=\u00bb0&#8243;][et_pb_column type=\u00bb4_4&#8243; _builder_version=\u00bb4.16&#8243; custom_padding=\u00bb|||\u00bb global_colors_info=\u00bb{}\u00bb custom_padding__hover=\u00bb|||\u00bb][et_pb_text admin_label=\u00bbText\u00bb _builder_version=\u00bb4.27.5&#8243; background_size=\u00bbinitial\u00bb background_position=\u00bbtop_left\u00bb background_repeat=\u00bbrepeat\u00bb hover_enabled=\u00bb0&#8243; global_colors_info=\u00bb{}\u00bb text_font=\u00bbIBM Plex Sans||||||||\u00bb header_font=\u00bbIBM Plex Sans||||||||\u00bb sticky_enabled=\u00bb0&#8243;]<p><\/p>\n<div class=\"legal-content\">\n<p class=\"mb-6\">Fecha de \u00faltima actualizaci\u00f3n: 10 de Noviembre de 2025<\/p>\n<p><!-- 1.1 Datos Identificativos del Titular de la Web --><\/p>\n<h2 class=\"text-xl font-semibold mt-6 mb-2\">1.1. Datos de Identificaci\u00f3n<\/h2>\n<p class=\"mb-4\">En cumplimiento con el deber de informaci\u00f3n recogido en el art\u00edculo 10 de la Ley 34\/2002, de 11 de julio, de Servicios de la Sociedad de la Informaci\u00f3n y del Comercio Electr\u00f3nico (LSSI-CE), se informa de los datos identificativos del titular de la web:<\/p>\n<ul class=\"list-disc pl-8 space-y-1 text-sm\">\n<li><strong>Nombre completo:<\/strong> Muntatges Sant Climent S.L.<\/li>\n<li><strong>CIF:<\/strong> B62023007<\/li>\n<li><strong>Domicilio Social:<\/strong> Traves\u00eda Prat de la Riba, 76, Sant Climent de Llobregat (08849), Barcelona.<\/li>\n<li><strong>Tel\u00e9fono:<\/strong> 93 637 39 85<\/li>\n<li><strong>Correo electr\u00f3nico:<\/strong> mscsl@mscsl.com<\/li>\n<li><strong>Dominio:<\/strong> mscsl.com<\/li>\n<\/ul>\n<p><!-- 1.2 Objeto de la Web --><\/p>\n<h2 class=\"text-xl font-semibold mt-6 mb-2\">1.2. Objeto del Sitio Web<\/h2>\n<p class=\"mb-4\">El presente sitio web tiene por objeto dar imagen a las dos principales secciones de la empresa (Neum\u00e1tica e Hidr\u00e1ulica, y Taller) y ofrecer una potencial venta online de material neum\u00e1tico. Sus principales actividades incluyen: montajes de instalaciones de fluidos, suministros comerciales, mantenimiento, automatismos y trabajos especializados de taller como rectificados centerless y roscados por laminaci\u00f3n.<\/p>\n<p><!-- 1.3 Condiciones de Uso --><\/p>\n<h2 class=\"text-xl font-semibold mt-6 mb-2\">1.3. Condiciones de Acceso y Utilizaci\u00f3n<\/h2>\n<p class=\"mb-4\">El acceso y la utilizaci\u00f3n del sitio web atribuye la condici\u00f3n de usuario e implica la aceptaci\u00f3n total de las condiciones de uso descritas en este aviso. El usuario se compromete a no utilizar el sitio web de forma contraria a la ley o a los intereses de Muntatges Sant Climent S.L.<\/p>\n<p class=\"text-sm text-gray-500\">Muntatges Sant Climent S.L. se reserva el derecho de modificar o actualizar el contenido y la presentaci\u00f3n de su sitio web en cualquier momento y sin previo aviso.<\/p>\n<\/div>\n<div style=\"height: 100px;\"><\/div>[\/et_pb_text][\/et_pb_column][\/et_pb_row][\/et_pb_section]","protected":false},"excerpt":{"rendered":"<p>Fecha de \u00faltima actualizaci\u00f3n: 10 de Noviembre de 2025 1.1. Datos de Identificaci\u00f3n En cumplimiento con el deber de informaci\u00f3n recogido en el art\u00edculo 10 de la Ley 34\/2002, de 11 de julio, de Servicios de la Sociedad de la Informaci\u00f3n y del Comercio Electr\u00f3nico (LSSI-CE), se informa de los datos identificativos del titular de [&hellip;]<\/p>\n","protected":false},"author":1,"featured_media":0,"parent":0,"menu_order":4,"comment_status":"closed","ping_status":"closed","template":"","meta":{"_et_pb_use_builder":"on","_et_pb_old_content":"<!-- wp:divi\/placeholder \/-->\r\n<div class=\"legal-content\">\r\n\r\n<p class=\"mb-6\">Fecha de \u00faltima actualizaci\u00f3n: 10 de Noviembre de 2025<\/p>\r\n<!-- 1.1 Datos Identificativos del Titular de la Web -->\r\n<h2 class=\"text-xl font-semibold mt-6 mb-2\">1.1. Datos de Identificaci\u00f3n<\/h2>\r\n<p class=\"mb-4\">En cumplimiento con el deber de informaci\u00f3n recogido en el art\u00edculo 10 de la Ley 34\/2002, de 11 de julio, de Servicios de la Sociedad de la Informaci\u00f3n y del Comercio Electr\u00f3nico (LSSI-CE), se informa de los datos identificativos del titular de la web:<\/p>\r\n<ul class=\"list-disc pl-8 space-y-1 text-sm\">\r\n<li><strong>Nombre completo:<\/strong> Muntatges Sant Climent S.L.<\/li>\r\n<li><strong>CIF:<\/strong> B62023007<\/li>\r\n<li><strong>Domicilio Social:<\/strong> Traves\u00eda Prat de la Riba, 76, Sant Climent de Llobregat (08849), Barcelona.<\/li>\r\n<li><strong>Tel\u00e9fono:<\/strong> 93 637 39 85<\/li>\r\n<li><strong>Correo electr\u00f3nico:<\/strong> mscsl@mscsl.com<\/li>\r\n<li><strong>Dominio:<\/strong> mscsl.com<\/li>\r\n<\/ul>\r\n<!-- 1.2 Objeto de la Web -->\r\n<h2 class=\"text-xl font-semibold mt-6 mb-2\">1.2. Objeto del Sitio Web<\/h2>\r\n<p class=\"mb-4\">El presente sitio web tiene por objeto dar imagen a las dos principales secciones de la empresa (Neum\u00e1tica e Hidr\u00e1ulica, y Taller) y ofrecer una potencial venta online de material neum\u00e1tico. Sus principales actividades incluyen: montajes de instalaciones de fluidos, suministros comerciales, mantenimiento, automatismos y trabajos especializados de taller como rectificados centerless y roscados por laminaci\u00f3n.<\/p>\r\n<!-- 1.3 Condiciones de Uso -->\r\n<h2 class=\"text-xl font-semibold mt-6 mb-2\">1.3. Condiciones de Acceso y Utilizaci\u00f3n<\/h2>\r\n<p class=\"mb-4\">El acceso y la utilizaci\u00f3n del sitio web atribuye la condici\u00f3n de usuario e implica la aceptaci\u00f3n total de las condiciones de uso descritas en este aviso. El usuario se compromete a no utilizar el sitio web de forma contraria a la ley o a los intereses de Muntatges Sant Climent S.L.<\/p>\r\n<p class=\"text-sm text-gray-500\">Muntatges Sant Climent S.L. se reserva el derecho de modificar o actualizar el contenido y la presentaci\u00f3n de su sitio web en cualquier momento y sin previo aviso.<\/p>\r\n<\/div>\r\n<div style=\"height:100px\"><\/div>","_et_gb_content_width":"","footnotes":""},"class_list":["post-111","page","type-page","status-publish","hentry"],"_links":{"self":[{"href":"https:\/\/mscsl.com\/ca\/wp-json\/wp\/v2\/pages\/111","targetHints":{"allow":["GET"]}}],"collection":[{"href":"https:\/\/mscsl.com\/ca\/wp-json\/wp\/v2\/pages"}],"about":[{"href":"https:\/\/mscsl.com\/ca\/wp-json\/wp\/v2\/types\/page"}],"author":[{"embeddable":true,"href":"https:\/\/mscsl.com\/ca\/wp-json\/wp\/v2\/users\/1"}],"replies":[{"embeddable":true,"href":"https:\/\/mscsl.com\/ca\/wp-json\/wp\/v2\/comments?post=111"}],"version-history":[{"count":8,"href":"https:\/\/mscsl.com\/ca\/wp-json\/wp\/v2\/pages\/111\/revisions"}],"predecessor-version":[{"id":472,"href":"https:\/\/mscsl.com\/ca\/wp-json\/wp\/v2\/pages\/111\/revisions\/472"}],"wp:attachment":[{"href":"https:\/\/mscsl.com\/ca\/wp-json\/wp\/v2\/media?parent=111"}],"curies":[{"name":"wp","href":"https:\/\/api.w.org\/{rel}","templated":true}]}}